{"id":1887,"date":"2023-01-30T18:08:27","date_gmt":"2023-01-30T17:08:27","guid":{"rendered":"https:\/\/lesbonsplantsdelise.com\/?post_type=product&#038;p=1887"},"modified":"2023-02-10T10:59:43","modified_gmt":"2023-02-10T09:59:43","slug":"chicoree-rouge-de-verone","status":"publish","type":"product","link":"https:\/\/lesbonsplantsdelise.com\/index.php\/produit\/chicoree-rouge-de-verone\/","title":{"rendered":"Chicor\u00e9e \u00ab\u00a0Rouge de V\u00e9rone\u00a0\u00bb"},"content":{"rendered":"<p>Chicor\u00e9e d&rsquo;hiver qui forme une petite pomme rouge et blanche l\u00e9g\u00e8rement pointue. \u00c0 planter entre juin et octobre pour r\u00e9colter entre octobre et mars.<\/p>\n<p>&nbsp;<\/p>\n<p><img loading=\"lazy\" decoding=\"async\" class=\"alignnone wp-image-1477\" src=\"https:\/\/lesbonsplantsdelise.com\/wp-content\/uploads\/2022\/01\/legumedhiver-300x300.png\" alt=\"\" width=\"115\" height=\"115\" srcset=\"https:\/\/lesbonsplantsdelise.com\/wp-content\/uploads\/2022\/01\/legumedhiver-300x300.png 300w, https:\/\/lesbonsplantsdelise.com\/wp-content\/uploads\/2022\/01\/legumedhiver-265x265.png 265w, https:\/\/lesbonsplantsdelise.com\/wp-content\/uploads\/2022\/01\/legumedhiver-100x100.png 100w, https:\/\/lesbonsplantsdelise.com\/wp-content\/uploads\/2022\/01\/legumedhiver-150x150.png 150w, https:\/\/lesbonsplantsdelise.com\/wp-content\/uploads\/2022\/01\/legumedhiver.png 310w\" sizes=\"auto, (max-width: 115px) 100vw, 115px\" \/><\/p>\n","protected":false},"excerpt":{"rendered":"<p>Chicor\u00e9e d&rsquo;hiver qui forme une petite pomme rouge et blanche l\u00e9g\u00e8rement pointue. \u00c0 planter entre juin et octobre pour r\u00e9colter entre octobre et mars. &nbsp;<\/p>\n","protected":false},"featured_media":1932,"template":"","meta":{"ocean_post_layout":"","ocean_both_sidebars_style":"","ocean_both_sidebars_content_width":0,"ocean_both_sidebars_sidebars_width":0,"ocean_sidebar":"0","ocean_second_sidebar":"0","ocean_disable_margins":"enable","ocean_add_body_class":"","ocean_shortcode_before_top_bar":"","ocean_shortcode_after_top_bar":"","ocean_shortcode_before_header":"","ocean_shortcode_after_header":"","ocean_has_shortcode":"","ocean_shortcode_after_title":"","ocean_shortcode_before_footer_widgets":"","ocean_shortcode_after_footer_widgets":"","ocean_shortcode_before_footer_bottom":"","ocean_shortcode_after_footer_bottom":"","ocean_display_top_bar":"default","ocean_display_header":"default","ocean_header_style":"","ocean_center_header_left_menu":"0","ocean_custom_header_template":"0","ocean_custom_logo":0,"ocean_custom_retina_logo":0,"ocean_custom_logo_max_width":0,"ocean_custom_logo_tablet_max_width":0,"ocean_custom_logo_mobile_max_width":0,"ocean_custom_logo_max_height":0,"ocean_custom_logo_tablet_max_height":0,"ocean_custom_logo_mobile_max_height":0,"ocean_header_custom_menu":"0","ocean_menu_typo_font_family":"0","ocean_menu_typo_font_subset":"","ocean_menu_typo_font_size":0,"ocean_menu_typo_font_size_tablet":0,"ocean_menu_typo_font_size_mobile":0,"ocean_menu_typo_font_size_unit":"px","ocean_menu_typo_font_weight":"","ocean_menu_typo_font_weight_tablet":"","ocean_menu_typo_font_weight_mobile":"","ocean_menu_typo_transform":"","ocean_menu_typo_transform_tablet":"","ocean_menu_typo_transform_mobile":"","ocean_menu_typo_line_height":0,"ocean_menu_typo_line_height_tablet":0,"ocean_menu_typo_line_height_mobile":0,"ocean_menu_typo_line_height_unit":"","ocean_menu_typo_spacing":0,"ocean_menu_typo_spacing_tablet":0,"ocean_menu_typo_spacing_mobile":0,"ocean_menu_typo_spacing_unit":"","ocean_menu_link_color":"","ocean_menu_link_color_hover":"","ocean_menu_link_color_active":"","ocean_menu_link_background":"","ocean_menu_link_hover_background":"","ocean_menu_link_active_background":"","ocean_menu_social_links_bg":"","ocean_menu_social_hover_links_bg":"","ocean_menu_social_links_color":"","ocean_menu_social_hover_links_color":"","ocean_disable_title":"default","ocean_disable_heading":"default","ocean_post_title":"","ocean_post_subheading":"","ocean_post_title_style":"","ocean_post_title_background_color":"","ocean_post_title_background":0,"ocean_post_title_bg_image_position":"","ocean_post_title_bg_image_attachment":"","ocean_post_title_bg_image_repeat":"","ocean_post_title_bg_image_size":"","ocean_post_title_height":0,"ocean_post_title_bg_overlay":0.5,"ocean_post_title_bg_overlay_color":"","ocean_disable_breadcrumbs":"default","ocean_breadcrumbs_color":"","ocean_breadcrumbs_separator_color":"","ocean_breadcrumbs_links_color":"","ocean_breadcrumbs_links_hover_color":"","ocean_display_footer_widgets":"default","ocean_display_footer_bottom":"default","ocean_custom_footer_template":"0","omw_enable_modal_window":"enable"},"product_brand":[],"product_cat":[70,69,81],"product_tag":[],"class_list":{"0":"post-1887","1":"product","2":"type-product","3":"status-publish","4":"has-post-thumbnail","6":"product_cat-legumes","7":"product_cat-plants","8":"product_cat-salades","10":"entry","11":"has-media","13":"first","14":"outofstock","15":"taxable","16":"shipping-taxable","17":"purchasable","18":"product-type-simple","19":"has-product-nav","20":"col","21":"span_1_of_6","22":"owp-content-center","23":"owp-thumbs-layout-horizontal","24":"owp-btn-normal","25":"owp-tabs-layout-horizontal","26":"has-no-thumbnails"},"supplier_id":null,"supplier_sku":"","barcode":null,"atum_controlled":true,"out_stock_date":null,"out_stock_threshold":null,"inheritable":false,"inbound_stock":null,"stock_on_hold":0,"sold_today":0,"sales_last_days":0,"reserved_stock":null,"customer_returns":null,"warehouse_damage":null,"lost_in_post":null,"other_logs":null,"out_stock_days":0,"lost_sales":0,"has_location":false,"update_date":"2026-04-14T01:14:23","atum_locations":[],"atum_stock_status":"outofstock","restock_status":false,"low_stock_amount":"","sales_update_date":"2026-04-14T01:14:23","calc_backorders":null,"_links":{"self":[{"href":"https:\/\/lesbonsplantsdelise.com\/index.php\/wp-json\/wp\/v2\/product\/1887","targetHints":{"allow":["GET"]}}],"collection":[{"href":"https:\/\/lesbonsplantsdelise.com\/index.php\/wp-json\/wp\/v2\/product"}],"about":[{"href":"https:\/\/lesbonsplantsdelise.com\/index.php\/wp-json\/wp\/v2\/types\/product"}],"wp:featuredmedia":[{"embeddable":true,"href":"https:\/\/lesbonsplantsdelise.com\/index.php\/wp-json\/wp\/v2\/media\/1932"}],"wp:attachment":[{"href":"https:\/\/lesbonsplantsdelise.com\/index.php\/wp-json\/wp\/v2\/media?parent=1887"}],"wp:term":[{"taxonomy":"product_brand","embeddable":true,"href":"https:\/\/lesbonsplantsdelise.com\/index.php\/wp-json\/wp\/v2\/product_brand?post=1887"},{"taxonomy":"product_cat","embeddable":true,"href":"https:\/\/lesbonsplantsdelise.com\/index.php\/wp-json\/wp\/v2\/product_cat?post=1887"},{"taxonomy":"product_tag","embeddable":true,"href":"https:\/\/lesbonsplantsdelise.com\/index.php\/wp-json\/wp\/v2\/product_tag?post=1887"}],"curies":[{"name":"wp","href":"https:\/\/api.w.org\/{rel}","templated":true}]}}