{"id":1153,"date":"2020-10-26T17:53:14","date_gmt":"2020-10-26T16:53:14","guid":{"rendered":"http:\/\/lesbonsplantsdelise.com\/?post_type=product&#038;p=1153"},"modified":"2023-02-23T21:00:41","modified_gmt":"2023-02-23T20:00:41","slug":"radis","status":"publish","type":"product","link":"https:\/\/lesbonsplantsdelise.com\/index.php\/produit\/radis\/","title":{"rendered":"Radis noir \u00ab\u00a0rond\u00a0\u00bb"},"content":{"rendered":"<p>Chair ferme blanche. Vari\u00e9t\u00e9 adapt\u00e9e au stockage. Tr\u00e8s parfum\u00e9. \u00c0 planter de juillet \u00e0 septembre pour une r\u00e9colte de septembre \u00e0 novembre.<\/p>\n<p><img loading=\"lazy\" decoding=\"async\" class=\"alignnone wp-image-1477\" src=\"https:\/\/lesbonsplantsdelise.com\/wp-content\/uploads\/2022\/01\/legumedhiver-300x300.png\" alt=\"\" width=\"101\" height=\"101\" srcset=\"https:\/\/lesbonsplantsdelise.com\/wp-content\/uploads\/2022\/01\/legumedhiver-300x300.png 300w, https:\/\/lesbonsplantsdelise.com\/wp-content\/uploads\/2022\/01\/legumedhiver-265x265.png 265w, https:\/\/lesbonsplantsdelise.com\/wp-content\/uploads\/2022\/01\/legumedhiver-100x100.png 100w, https:\/\/lesbonsplantsdelise.com\/wp-content\/uploads\/2022\/01\/legumedhiver-150x150.png 150w, https:\/\/lesbonsplantsdelise.com\/wp-content\/uploads\/2022\/01\/legumedhiver.png 310w\" sizes=\"auto, (max-width: 101px) 100vw, 101px\" \/><\/p>\n","protected":false},"excerpt":{"rendered":"<p>Tr\u00e8s facile \u00e0 mettre en place et \u00e0 cultiver !<br \/>\nVari\u00e9t\u00e9 au d\u00e9veloppement rapide qui ne devient pas piquante et conserve longtemps toutes ses qualit\u00e9s gustatives. Belles racines demi longues, bien cylindriques. Le radis est d\u00e9licieux coup\u00e9 en fines lamelles dans les salades, ou en rondelles avec du sel et du beurre.<\/p>\n<p><strong>Conseil<\/strong> : Afin de r\u00e9colter vos radis \u00e0 la taille souhait\u00e9e, observez le collet du radis au niveau du sol. Un arrosage r\u00e9gulier \u00e9vitera que les radis ne soient trop piquants.<br \/>\nR\u00e9colter et consommer au fur et \u00e0 mesure des besoins.<\/p>\n","protected":false},"featured_media":1645,"template":"","meta":{"ocean_post_layout":"","ocean_both_sidebars_style":"","ocean_both_sidebars_content_width":0,"ocean_both_sidebars_sidebars_width":0,"ocean_sidebar":"0","ocean_second_sidebar":"0","ocean_disable_margins":"enable","ocean_add_body_class":"","ocean_shortcode_before_top_bar":"","ocean_shortcode_after_top_bar":"","ocean_shortcode_before_header":"","ocean_shortcode_after_header":"","ocean_has_shortcode":"","ocean_shortcode_after_title":"","ocean_shortcode_before_footer_widgets":"","ocean_shortcode_after_footer_widgets":"","ocean_shortcode_before_footer_bottom":"","ocean_shortcode_after_footer_bottom":"","ocean_display_top_bar":"default","ocean_display_header":"default","ocean_header_style":"","ocean_center_header_left_menu":"0","ocean_custom_header_template":"0","ocean_custom_logo":0,"ocean_custom_retina_logo":0,"ocean_custom_logo_max_width":0,"ocean_custom_logo_tablet_max_width":0,"ocean_custom_logo_mobile_max_width":0,"ocean_custom_logo_max_height":0,"ocean_custom_logo_tablet_max_height":0,"ocean_custom_logo_mobile_max_height":0,"ocean_header_custom_menu":"0","ocean_menu_typo_font_family":"0","ocean_menu_typo_font_subset":"","ocean_menu_typo_font_size":0,"ocean_menu_typo_font_size_tablet":0,"ocean_menu_typo_font_size_mobile":0,"ocean_menu_typo_font_size_unit":"px","ocean_menu_typo_font_weight":"","ocean_menu_typo_font_weight_tablet":"","ocean_menu_typo_font_weight_mobile":"","ocean_menu_typo_transform":"","ocean_menu_typo_transform_tablet":"","ocean_menu_typo_transform_mobile":"","ocean_menu_typo_line_height":0,"ocean_menu_typo_line_height_tablet":0,"ocean_menu_typo_line_height_mobile":0,"ocean_menu_typo_line_height_unit":"","ocean_menu_typo_spacing":0,"ocean_menu_typo_spacing_tablet":0,"ocean_menu_typo_spacing_mobile":0,"ocean_menu_typo_spacing_unit":"","ocean_menu_link_color":"","ocean_menu_link_color_hover":"","ocean_menu_link_color_active":"","ocean_menu_link_background":"","ocean_menu_link_hover_background":"","ocean_menu_link_active_background":"","ocean_menu_social_links_bg":"","ocean_menu_social_hover_links_bg":"","ocean_menu_social_links_color":"","ocean_menu_social_hover_links_color":"","ocean_disable_title":"default","ocean_disable_heading":"default","ocean_post_title":"","ocean_post_subheading":"","ocean_post_title_style":"","ocean_post_title_background_color":"","ocean_post_title_background":0,"ocean_post_title_bg_image_position":"","ocean_post_title_bg_image_attachment":"","ocean_post_title_bg_image_repeat":"","ocean_post_title_bg_image_size":"","ocean_post_title_height":0,"ocean_post_title_bg_overlay":0.5,"ocean_post_title_bg_overlay_color":"","ocean_disable_breadcrumbs":"default","ocean_breadcrumbs_color":"","ocean_breadcrumbs_separator_color":"","ocean_breadcrumbs_links_color":"","ocean_breadcrumbs_links_hover_color":"","ocean_display_footer_widgets":"default","ocean_display_footer_bottom":"default","ocean_custom_footer_template":"0","omw_enable_modal_window":"enable"},"product_brand":[],"product_cat":[70,69],"product_tag":[],"class_list":{"0":"post-1153","1":"product","2":"type-product","3":"status-publish","4":"has-post-thumbnail","6":"product_cat-legumes","7":"product_cat-plants","9":"entry","10":"has-media","12":"first","13":"outofstock","14":"taxable","15":"shipping-taxable","16":"purchasable","17":"product-type-simple","18":"has-product-nav","19":"col","20":"span_1_of_6","21":"owp-content-center","22":"owp-thumbs-layout-horizontal","23":"owp-btn-normal","24":"owp-tabs-layout-horizontal","25":"has-no-thumbnails"},"supplier_id":null,"supplier_sku":"","barcode":null,"atum_controlled":true,"out_stock_date":"2022-05-04 09:22:47","out_stock_threshold":null,"inheritable":false,"inbound_stock":0,"stock_on_hold":0,"sold_today":0,"sales_last_days":0,"reserved_stock":0,"customer_returns":0,"warehouse_damage":0,"lost_in_post":0,"other_logs":0,"out_stock_days":1447,"lost_sales":0,"has_location":false,"update_date":"2026-04-21T01:21:16","atum_locations":[],"atum_stock_status":"outofstock","restock_status":false,"low_stock_amount":"","sales_update_date":"2026-04-21T01:21:16","calc_backorders":null,"_links":{"self":[{"href":"https:\/\/lesbonsplantsdelise.com\/index.php\/wp-json\/wp\/v2\/product\/1153","targetHints":{"allow":["GET"]}}],"collection":[{"href":"https:\/\/lesbonsplantsdelise.com\/index.php\/wp-json\/wp\/v2\/product"}],"about":[{"href":"https:\/\/lesbonsplantsdelise.com\/index.php\/wp-json\/wp\/v2\/types\/product"}],"wp:featuredmedia":[{"embeddable":true,"href":"https:\/\/lesbonsplantsdelise.com\/index.php\/wp-json\/wp\/v2\/media\/1645"}],"wp:attachment":[{"href":"https:\/\/lesbonsplantsdelise.com\/index.php\/wp-json\/wp\/v2\/media?parent=1153"}],"wp:term":[{"taxonomy":"product_brand","embeddable":true,"href":"https:\/\/lesbonsplantsdelise.com\/index.php\/wp-json\/wp\/v2\/product_brand?post=1153"},{"taxonomy":"product_cat","embeddable":true,"href":"https:\/\/lesbonsplantsdelise.com\/index.php\/wp-json\/wp\/v2\/product_cat?post=1153"},{"taxonomy":"product_tag","embeddable":true,"href":"https:\/\/lesbonsplantsdelise.com\/index.php\/wp-json\/wp\/v2\/product_tag?post=1153"}],"curies":[{"name":"wp","href":"https:\/\/api.w.org\/{rel}","templated":true}]}}